{"id":1802,"date":"2024-07-11T16:56:18","date_gmt":"2024-07-11T16:56:18","guid":{"rendered":"http:\/\/connectogroup.com\/politica-de-privacidad\/"},"modified":"2024-12-03T16:37:27","modified_gmt":"2024-12-03T16:37:27","slug":"politica-de-privacidad","status":"publish","type":"page","link":"https:\/\/connectogroup.com\/es\/politica-de-privacidad\/","title":{"rendered":"Pol\u00edtica de privacidad"},"content":{"rendered":"\t\t<div data-elementor-type=\"wp-page\" data-elementor-id=\"1802\" class=\"elementor elementor-1802 elementor-1053\" data-elementor-post-type=\"page\">\n\t\t\t\t<div class=\"elementor-element elementor-element-1184605b e-con-full e-flex e-con e-parent\" data-id=\"1184605b\" data-element_type=\"container\" data-e-type=\"container\">\n\t\t\t\t<div class=\"elementor-element elementor-element-2171aee2 elementor-widget elementor-widget-text-editor\" data-id=\"2171aee2\" data-element_type=\"widget\" data-e-type=\"widget\" data-widget_type=\"text-editor.default\">\n\t\t\t\t<div class=\"elementor-widget-container\">\n\t\t\t\t\t\t\t\t\t<h3 style=\"font-style: normal;\"><span style=\"font-style: inherit; font-weight: inherit; text-align: var(--text-align); background-color: var(--ast-global-color-5);\"><br><\/span><\/h3><h3 style=\"font-style: normal;\"><span style=\"font-style: inherit; font-weight: inherit; text-align: var(--text-align); background-color: var(--ast-global-color-5);\">pol\u00edtica de privacidad<\/span><\/h3>\n<h3 style=\"font-style: normal;\"><span style=\"font-size: 15px; font-style: inherit; font-weight: inherit; color: var( --e-global-color-text ); font-family: var( --e-global-typography-text-font-family ), Sans-serif; text-align: var(--text-align); background-color: var(--ast-global-color-5);\">Bienvenido a http:\/\/connectogroup.com (el \u00abSitio\u00bb). Entendemos que la privacidad en l\u00ednea es importante para los usuarios de nuestro Sitio, especialmente cuando realizan negocios. Esta declaraci\u00f3n rige nuestras pol\u00edticas de privacidad con respecto a los usuarios del Sitio (\u00abVisitantes\u00bb) que lo visitan sin realizar transacciones comerciales y a los Visitantes que se registran para realizar transacciones comerciales en el Sitio y hacen uso de los distintos servicios que ofrece<\/span><br><\/h3>\n<p>  Connecto Real Estate (colectivamente, \u00abServicios\u00bb) (\u00abClientes Autorizados\u00bb).  <\/p>\n<h3>\u00abInformaci\u00f3n personal identificable\u00bb<\/h3>\n<p>se refiere a cualquier informaci\u00f3n que identifique o pueda utilizarse para identificar, contactar o localizar a la persona a la que pertenece dicha informaci\u00f3n, incluidos, entre otros, el nombre, la direcci\u00f3n, el n\u00famero de tel\u00e9fono, el n\u00famero de fax, la direcci\u00f3n de correo electr\u00f3nico, los perfiles financieros, el n\u00famero de la seguridad social y la informaci\u00f3n de la tarjeta de cr\u00e9dito. La Informaci\u00f3n Personalmente Identificable no incluye la informaci\u00f3n que se recoge de forma an\u00f3nima (es decir, sin identificaci\u00f3n del usuario individual) ni la informaci\u00f3n demogr\u00e1fica no relacionada con un individuo identificado.<\/p>\n<h3>\u00bfQu\u00e9 datos de identificaci\u00f3n personal se recogen?<\/h3>\n<p>  Podemos recopilar informaci\u00f3n b\u00e1sica sobre el perfil de usuario de todos nuestros Visitantes. Recopilamos la siguiente informaci\u00f3n adicional de nuestros Clientes Autorizados: el nombre, la direcci\u00f3n de correo electr\u00f3nico, el n\u00famero de tel\u00e9fono, la direcci\u00f3n, la informaci\u00f3n del perfil en las redes sociales,  <\/p>\n<h3>\u00bfQu\u00e9 organizaciones recopilan la informaci\u00f3n?<\/h3>\n<p>Adem\u00e1s de nuestra recopilaci\u00f3n directa de informaci\u00f3n, nuestros proveedores de servicios externos (como empresas de tarjetas de cr\u00e9dito, c\u00e1maras de compensaci\u00f3n y bancos) que pueden proporcionar servicios como cr\u00e9ditos, seguros y servicios de custodia pueden recopilar esta informaci\u00f3n de nuestros Visitantes y Clientes Autorizados. No controlamos la forma en que estos terceros utilizan dicha informaci\u00f3n, pero les pedimos que revelen c\u00f3mo utilizan la informaci\u00f3n personal que les proporcionan los Visitantes y Clientes Autorizados. Algunos de estos terceros pueden ser intermediarios que act\u00faan \u00fanicamente como eslabones de la cadena de distribuci\u00f3n, y no almacenan, conservan ni utilizan la informaci\u00f3n que se les facilita.<\/p>\n<h3>\u00bfC\u00f3mo utiliza el Sitio la Informaci\u00f3n Personal Identificable?<\/h3>\n<p>Utilizamos los Datos Personales para personalizar el Sitio, para hacer ofertas de servicio adecuadas y para satisfacer las solicitudes de compra y venta en el Sitio. Podemos enviar correos electr\u00f3nicos a los Visitantes y Clientes Autorizados sobre investigaciones u oportunidades de compra y venta en el Sitio o informaci\u00f3n relacionada con el tema del Sitio. Tambi\u00e9n podemos utilizar Datos de Identificaci\u00f3n Personal para ponernos en contacto con Visitantes y Clientes Autorizados en respuesta a consultas espec\u00edficas, o para proporcionar la informaci\u00f3n solicitada.<\/p>\n<h3>\u00bfCon qui\u00e9n se puede compartir la informaci\u00f3n?<\/h3>\n<p>Los Datos de Identificaci\u00f3n Personal de los Clientes Autorizados pueden compartirse con otros Clientes Autorizados que deseen evaluar posibles transacciones con otros Clientes Autorizados. Podemos compartir informaci\u00f3n agregada sobre nuestros Visitantes, incluidos los datos demogr\u00e1ficos de nuestros Visitantes y Clientes Autorizados, con nuestras agencias afiliadas y proveedores externos. Tambi\u00e9n ofrecemos la oportunidad de \u00aboptar por no\u00bb recibir informaci\u00f3n o ser contactado por nosotros o por cualquier agencia que act\u00fae en nuestro nombre.<\/p>\n<h3>\u00bfC\u00f3mo se almacenan los Datos de Identificaci\u00f3n Personal?<\/h3>\n<p>Los Datos de Car\u00e1cter Personal recogidos por Connecto Real Estate se almacenan de forma segura y no son accesibles a terceros ni a empleados de Connecto Real Estate, salvo para el uso indicado anteriormente.<\/p>\n<h3>\u00bfQu\u00e9 opciones tienen los Visitantes respecto a la recogida, uso y distribuci\u00f3n de la informaci\u00f3n?<\/h3>\n<p>  Los Visitantes y Clientes Autorizados pueden optar por no recibir informaci\u00f3n no solicitada o por no ser contactados por nosotros y\/o nuestros proveedores y agencias afiliadas respondiendo a los correos electr\u00f3nicos seg\u00fan las instrucciones, o poni\u00e9ndose en contacto con nosotros en info@connectogroup.com.  <\/p>\n<h3>Cookies<\/h3>\n<p>Una cookie es una cadena de informaci\u00f3n que un sitio web almacena en el ordenador de un visitante, y que el navegador del visitante proporciona al sitio web cada vez que el visitante vuelve.<\/p>\n<p>Utilizamos \u00abcookies\u00bb para recoger informaci\u00f3n. Puedes indicar a tu navegador que rechace todas las cookies o que indique cu\u00e1ndo se env\u00eda una cookie. Sin embargo, si no aceptas las cookies, es posible que no puedas utilizar algunas partes de nuestro Servicio.<\/p>\n<h3>\u00bfSe utilizan cookies en el Sitio?<\/h3>\n<p>  Las cookies se utilizan por varias razones. Utilizamos Cookies para obtener informaci\u00f3n sobre las preferencias de nuestros Visitantes y los servicios que seleccionan. Tambi\u00e9n utilizamos Cookies con fines de seguridad para proteger a nuestros Clientes Autorizados. Por ejemplo, si un Cliente Autorizado est\u00e1 conectado y el sitio no se utiliza durante m\u00e1s de 10 minutos, cerraremos autom\u00e1ticamente la sesi\u00f3n del Cliente Autorizado. Los visitantes que no deseen que se instalen cookies en sus ordenadores deben configurar sus navegadores para que rechacen las cookies antes de utilizar http:\/\/connectogroup.com , con el inconveniente de que algunas caracter\u00edsticas del sitio web pueden no funcionar correctamente sin la ayuda de las cookies.  <\/p>\n<h3>Cookies utilizadas por nuestros proveedores de servicios<\/h3>\n<p>Nuestros proveedores de servicios utilizan cookies y esas cookies pueden almacenarse en tu ordenador cuando visitas nuestro sitio web. Puedes encontrar m\u00e1s detalles sobre qu\u00e9 cookies se utilizan en nuestra p\u00e1gina de informaci\u00f3n sobre cookies.<\/p>\n<h3>\u00bfC\u00f3mo utiliza Connecto Real Estate la informaci\u00f3n de acceso?<\/h3>\n<p>  Connecto Real Estate utiliza la informaci\u00f3n de acceso, incluyendo, entre otros, direcciones IP, ISP y tipos de navegador, versi\u00f3n del navegador, p\u00e1ginas visitadas, fecha y hora de la visita, para analizar tendencias, administrar el Sitio, rastrear el movimiento y uso de un usuario y recopilar informaci\u00f3n demogr\u00e1fica general.  <\/p>\n<h3>\u00bfQu\u00e9 socios o proveedores de servicios tienen acceso a los Datos Personales de los Visitantes y\/o Clientes Autorizados del Sitio?<\/h3>\n<p>  Connecto Real Estate ha establecido y continuar\u00e1 estableciendo asociaciones y otras afiliaciones con varios proveedores. Dichos proveedores pueden tener acceso a determinados Datos de Identificaci\u00f3n Personal en funci\u00f3n de la necesidad de conocerlos para evaluar a los Clientes Autorizados en cuanto a la idoneidad del servicio. Nuestra pol\u00edtica de privacidad no cubre su recogida o uso de esta informaci\u00f3n.  <\/p>\n<h3>\u00bfC\u00f3mo mantiene seguro el Sitio la Informaci\u00f3n Personal Identificable?<\/h3>\n<p>Todos nuestros empleados conocen nuestra pol\u00edtica y pr\u00e1cticas de seguridad. Los Datos de Identificaci\u00f3n Personal de nuestros Visitantes y Clientes Autorizados s\u00f3lo son accesibles a un n\u00famero limitado de empleados cualificados a los que se proporciona una contrase\u00f1a para acceder a la informaci\u00f3n. Realizamos auditor\u00edas peri\u00f3dicas de nuestros sistemas y procesos de seguridad. La informaci\u00f3n sensible, como n\u00fameros de tarjetas de cr\u00e9dito o de la seguridad social, est\u00e1 protegida por protocolos de encriptaci\u00f3n, establecidos para proteger la informaci\u00f3n enviada por Internet. Aunque tomamos medidas comercialmente razonables para mantener un sitio seguro, las comunicaciones electr\u00f3nicas y las bases de datos est\u00e1n sujetas a errores, manipulaciones y allanamientos, y no podemos garantizar ni asegurar que tales sucesos no tengan lugar, por lo que no seremos responsables ante los Visitantes o Clientes Autorizados de tales sucesos.<\/p>\n<h3>\u00bfC\u00f3mo pueden los Visitantes corregir cualquier inexactitud en la Informaci\u00f3n de Identificaci\u00f3n Personal?<\/h3>\n<p>  Los Visitantes y Clientes Autorizados pueden ponerse en contacto con nosotros para actualizar la Informaci\u00f3n Personal Identificable sobre ellos o para corregir cualquier inexactitud envi\u00e1ndonos un correo electr\u00f3nico a info@connectogroup.com.  <\/p>\n<h3>\u00bfPuede un Visitante eliminar o desactivar la Informaci\u00f3n de Identificaci\u00f3n Personal recogida por el Sitio?<\/h3>\n<p>Proporcionamos a los Visitantes y Clientes Autorizados un mecanismo para eliminar\/desactivar la Informaci\u00f3n de Identificaci\u00f3n Personal de la base de datos del Sitio poni\u00e9ndose en contacto con. Sin embargo, debido a las copias de seguridad y a los registros de eliminaciones, puede ser imposible eliminar la entrada de un Visitante sin conservar alguna informaci\u00f3n residual. A un individuo que solicite que se le desactive la Informaci\u00f3n de Identificaci\u00f3n Personal se le borrar\u00e1 funcionalmente esta informaci\u00f3n, y no venderemos, transferiremos ni utilizaremos la Informaci\u00f3n de Identificaci\u00f3n Personal relativa a ese individuo de ninguna manera en el futuro.<\/p>\n<h3>Tus derechos<\/h3>\n<p>  Estos son los derechos resumidos que tienes en virtud de la ley de protecci\u00f3n de datos<\/p>\n<ul>\n<li>Derecho de acceso<\/li>\n<li>Derecho de rectificaci\u00f3n<\/li>\n<li>Derecho al borrado<\/li>\n<li>Derecho a limitar el tratamiento<\/li>\n<li>Derecho a oponerse al tratamiento<\/li>\n<li>Derecho a la portabilidad de los datos<\/li>\n<li>Derecho a reclamar ante una autoridad de control<\/li>\n<li>Derecho a retirar el consentimiento<\/li>\n<\/ul>\n<h3>Privacidad infantil<\/h3>\n<p>Nuestro Servicio no se dirige a \u00abNi\u00f1os\u00bb, cualquier persona menor de 18 a\u00f1os , y no recopilamos conscientemente informaci\u00f3n personal identificable de ni\u00f1os menores de 18 a\u00f1os.<\/p>\n<p>Si eres padre, madre o tutor y tienes conocimiento de que tu hijo nos ha proporcionado Datos Personales, ponte en contacto con nosotros inmediatamente en los datos de contacto facilitados. Si tenemos conocimiento de que menores de 18 a\u00f1os han proporcionado informaci\u00f3n personal, eliminaremos la informaci\u00f3n de nuestros servidores inmediatamente.<\/p>\n<h3>Cumplimiento de la legislaci\u00f3n<\/h3>\n<p>Divulgaci\u00f3n de Informaci\u00f3n de Identificaci\u00f3n Personal para cumplir la ley. Revelaremos Datos de Identificaci\u00f3n Personal para cumplir una orden o citaci\u00f3n judicial o una petici\u00f3n de un organismo encargado de hacer cumplir la ley para revelar informaci\u00f3n. Tambi\u00e9n revelaremos Informaci\u00f3n de Identificaci\u00f3n Personal cuando sea razonablemente necesario para proteger la seguridad de nuestros Visitantes y Clientes Autorizados.<\/p>\n<h3>\u00bfQu\u00e9 ocurre si cambia la Pol\u00edtica de privacidad?<\/h3>\n<p>Informaremos a nuestros Visitantes y Clientes Autorizados de los cambios en nuestra pol\u00edtica de privacidad publicando dichos cambios en el Sitio. Sin embargo, si cambiamos nuestra pol\u00edtica de privacidad de forma que pueda causar la divulgaci\u00f3n de Datos de Identificaci\u00f3n Personal que un Visitante o Cliente Autorizado haya solicitado previamente que no se divulguen, nos pondremos en contacto con dicho Visitante o Cliente Autorizado para permitir que dicho Visitante o Cliente Autorizado impida dicha divulgaci\u00f3n.<\/p>\n<h3>Enlaces<\/h3>\n<p>  http:\/\/connectogroup.com contiene enlaces a otros sitios web. Ten en cuenta que cuando pulsas uno de estos enlaces, pasas a otro sitio web. Te animamos a que leas las declaraciones de privacidad de estos sitios enlazados, ya que sus pol\u00edticas de privacidad pueden diferir de la nuestra.  <\/p>\n<h3>Contacte con nosotros<\/h3>\n<p>Si tienes alguna pregunta sobre esta Pol\u00edtica de Privacidad, ponte en contacto con nosotros en info@connectogroup.com.  <\/p>\n<hr>\n<p>\u00daltima actualizaci\u00f3n: 11 de julio de 2024<\/p>\t\t\t\t\t\t\t\t<\/div>\n\t\t\t\t<\/div>\n\t\t\t\t<\/div>\n\t\t\t\t<\/div>\n\t\t","protected":false},"excerpt":{"rendered":"<p>pol\u00edtica de privacidad Bienvenido a http:\/\/connectogroup.com (el \u00abSitio\u00bb). Entendemos que la privacidad en l\u00ednea es importante para los usuarios de [&hellip;]<\/p>\n","protected":false},"author":11,"featured_media":0,"parent":0,"menu_order":0,"comment_status":"closed","ping_status":"closed","template":"","meta":{"site-sidebar-layout":"default","site-content-layout":"","ast-site-content-layout":"default","site-content-style":"boxed","site-sidebar-style":"default","ast-global-header-display":"","ast-banner-title-visibility":"","ast-main-header-display":"","ast-hfb-above-header-display":"","ast-hfb-below-header-display":"","ast-hfb-mobile-header-display":"","site-post-title":"","ast-breadcrumbs-content":"","ast-featured-img":"","footer-sml-layout":"","ast-disable-related-posts":"","theme-transparent-header-meta":"","adv-header-id-meta":"","stick-header-meta":"","header-above-stick-meta":"","header-main-stick-meta":"","header-below-stick-meta":"","astra-migrate-meta-layouts":"default","ast-page-background-enabled":"default","ast-page-background-meta":{"desktop":{"background-color":"var(--ast-global-color-4)","background-image":"","background-repeat":"repeat","background-position":"center center","background-size":"auto","background-attachment":"scroll","background-type":"","background-media":"","overlay-type":"","overlay-color":"","overlay-opacity":"","overlay-gradient":""},"tablet":{"background-color":"","background-image":"","background-repeat":"repeat","background-position":"center center","background-size":"auto","background-attachment":"scroll","background-type":"","background-media":"","overlay-type":"","overlay-color":"","overlay-opacity":"","overlay-gradient":""},"mobile":{"background-color":"","background-image":"","background-repeat":"repeat","background-position":"center center","background-size":"auto","background-attachment":"scroll","background-type":"","background-media":"","overlay-type":"","overlay-color":"","overlay-opacity":"","overlay-gradient":""}},"ast-content-background-meta":{"desktop":{"background-color":"var(--ast-global-color-5)","background-image":"","background-repeat":"repeat","background-position":"center center","background-size":"auto","background-attachment":"scroll","background-type":"","background-media":"","overlay-type":"","overlay-color":"","overlay-opacity":"","overlay-gradient":""},"tablet":{"background-color":"var(--ast-global-color-5)","background-image":"","background-repeat":"repeat","background-position":"center center","background-size":"auto","background-attachment":"scroll","background-type":"","background-media":"","overlay-type":"","overlay-color":"","overlay-opacity":"","overlay-gradient":""},"mobile":{"background-color":"var(--ast-global-color-5)","background-image":"","background-repeat":"repeat","background-position":"center center","background-size":"auto","background-attachment":"scroll","background-type":"","background-media":"","overlay-type":"","overlay-color":"","overlay-opacity":"","overlay-gradient":""}},"footnotes":""},"class_list":["post-1802","page","type-page","status-publish","hentry"],"yoast_head":"<!-- This site is optimized with the Yoast SEO plugin v27.3 - https:\/\/yoast.com\/product\/yoast-seo-wordpress\/ -->\n<title>Pol\u00edtica de privacidad - Connecto - Real Estate<\/title>\n<meta name=\"robots\" content=\"index, follow, max-snippet:-1, max-image-preview:large, max-video-preview:-1\" \/>\n<link rel=\"canonical\" href=\"https:\/\/connectogroup.com\/es\/politica-de-privacidad\/\" \/>\n<meta property=\"og:locale\" content=\"es_ES\" \/>\n<meta property=\"og:type\" content=\"article\" \/>\n<meta property=\"og:title\" content=\"Pol\u00edtica de privacidad - Connecto - Real Estate\" \/>\n<meta property=\"og:description\" content=\"pol\u00edtica de privacidad Bienvenido a http:\/\/connectogroup.com (el \u00abSitio\u00bb). Entendemos que la privacidad en l\u00ednea es importante para los usuarios de [&hellip;]\" \/>\n<meta property=\"og:url\" content=\"https:\/\/connectogroup.com\/es\/politica-de-privacidad\/\" \/>\n<meta property=\"og:site_name\" content=\"Connecto - Real Estate\" \/>\n<meta property=\"article:publisher\" content=\"https:\/\/www.facebook.com\/ConnectoRealEstateCR\" \/>\n<meta property=\"article:modified_time\" content=\"2024-12-03T16:37:27+00:00\" \/>\n<meta property=\"og:image\" content=\"http:\/\/connectogroup.com\/wp-content\/uploads\/2024\/12\/Untitled-design-24-1024x533.jpg\" \/>\n<meta name=\"twitter:card\" content=\"summary_large_image\" \/>\n<meta name=\"twitter:label1\" content=\"Tiempo de lectura\" \/>\n\t<meta name=\"twitter:data1\" content=\"9 minutos\" \/>\n<script type=\"application\/ld+json\" class=\"yoast-schema-graph\">{\"@context\":\"https:\\\/\\\/schema.org\",\"@graph\":[{\"@type\":\"WebPage\",\"@id\":\"https:\\\/\\\/connectogroup.com\\\/es\\\/politica-de-privacidad\\\/\",\"url\":\"https:\\\/\\\/connectogroup.com\\\/es\\\/politica-de-privacidad\\\/\",\"name\":\"Pol\u00edtica de privacidad - Connecto - Real Estate\",\"isPartOf\":{\"@id\":\"https:\\\/\\\/connectogroup.com\\\/es\\\/#website\"},\"datePublished\":\"2024-07-11T16:56:18+00:00\",\"dateModified\":\"2024-12-03T16:37:27+00:00\",\"breadcrumb\":{\"@id\":\"https:\\\/\\\/connectogroup.com\\\/es\\\/politica-de-privacidad\\\/#breadcrumb\"},\"inLanguage\":\"es\",\"potentialAction\":[{\"@type\":\"ReadAction\",\"target\":[\"https:\\\/\\\/connectogroup.com\\\/es\\\/politica-de-privacidad\\\/\"]}]},{\"@type\":\"BreadcrumbList\",\"@id\":\"https:\\\/\\\/connectogroup.com\\\/es\\\/politica-de-privacidad\\\/#breadcrumb\",\"itemListElement\":[{\"@type\":\"ListItem\",\"position\":1,\"name\":\"Home\",\"item\":\"https:\\\/\\\/connectogroup.com\\\/es\\\/\"},{\"@type\":\"ListItem\",\"position\":2,\"name\":\"Pol\u00edtica de privacidad\"}]},{\"@type\":\"WebSite\",\"@id\":\"https:\\\/\\\/connectogroup.com\\\/es\\\/#website\",\"url\":\"https:\\\/\\\/connectogroup.com\\\/es\\\/\",\"name\":\"Connecto - Real Estate\",\"description\":\"Costa Rica\",\"publisher\":{\"@id\":\"https:\\\/\\\/connectogroup.com\\\/es\\\/#organization\"},\"potentialAction\":[{\"@type\":\"SearchAction\",\"target\":{\"@type\":\"EntryPoint\",\"urlTemplate\":\"https:\\\/\\\/connectogroup.com\\\/es\\\/?s={search_term_string}\"},\"query-input\":{\"@type\":\"PropertyValueSpecification\",\"valueRequired\":true,\"valueName\":\"search_term_string\"}}],\"inLanguage\":\"es\"},{\"@type\":\"Organization\",\"@id\":\"https:\\\/\\\/connectogroup.com\\\/es\\\/#organization\",\"name\":\"Connecto - Real Estate\",\"url\":\"https:\\\/\\\/connectogroup.com\\\/es\\\/\",\"logo\":{\"@type\":\"ImageObject\",\"inLanguage\":\"es\",\"@id\":\"https:\\\/\\\/connectogroup.com\\\/es\\\/#\\\/schema\\\/logo\\\/image\\\/\",\"url\":\"https:\\\/\\\/connectogroup.com\\\/wp-content\\\/uploads\\\/2024\\\/02\\\/cropped-Connecto-RE-verde.png\",\"contentUrl\":\"https:\\\/\\\/connectogroup.com\\\/wp-content\\\/uploads\\\/2024\\\/02\\\/cropped-Connecto-RE-verde.png\",\"width\":783,\"height\":227,\"caption\":\"Connecto - Real Estate\"},\"image\":{\"@id\":\"https:\\\/\\\/connectogroup.com\\\/es\\\/#\\\/schema\\\/logo\\\/image\\\/\"},\"sameAs\":[\"https:\\\/\\\/www.facebook.com\\\/ConnectoRealEstateCR\",\"https:\\\/\\\/www.instagram.com\\\/connectorealestate\",\"https:\\\/\\\/www.linkedin.com\\\/company\\\/connecto-real-estate\\\/\"]}]}<\/script>\n<!-- \/ Yoast SEO plugin. -->","yoast_head_json":{"title":"Pol\u00edtica de privacidad - Connecto - Real Estate","robots":{"index":"index","follow":"follow","max-snippet":"max-snippet:-1","max-image-preview":"max-image-preview:large","max-video-preview":"max-video-preview:-1"},"canonical":"https:\/\/connectogroup.com\/es\/politica-de-privacidad\/","og_locale":"es_ES","og_type":"article","og_title":"Pol\u00edtica de privacidad - Connecto - Real Estate","og_description":"pol\u00edtica de privacidad Bienvenido a http:\/\/connectogroup.com (el \u00abSitio\u00bb). Entendemos que la privacidad en l\u00ednea es importante para los usuarios de [&hellip;]","og_url":"https:\/\/connectogroup.com\/es\/politica-de-privacidad\/","og_site_name":"Connecto - Real Estate","article_publisher":"https:\/\/www.facebook.com\/ConnectoRealEstateCR","article_modified_time":"2024-12-03T16:37:27+00:00","og_image":[{"url":"http:\/\/connectogroup.com\/wp-content\/uploads\/2024\/12\/Untitled-design-24-1024x533.jpg","type":"","width":"","height":""}],"twitter_card":"summary_large_image","twitter_misc":{"Tiempo de lectura":"9 minutos"},"schema":{"@context":"https:\/\/schema.org","@graph":[{"@type":"WebPage","@id":"https:\/\/connectogroup.com\/es\/politica-de-privacidad\/","url":"https:\/\/connectogroup.com\/es\/politica-de-privacidad\/","name":"Pol\u00edtica de privacidad - Connecto - Real Estate","isPartOf":{"@id":"https:\/\/connectogroup.com\/es\/#website"},"datePublished":"2024-07-11T16:56:18+00:00","dateModified":"2024-12-03T16:37:27+00:00","breadcrumb":{"@id":"https:\/\/connectogroup.com\/es\/politica-de-privacidad\/#breadcrumb"},"inLanguage":"es","potentialAction":[{"@type":"ReadAction","target":["https:\/\/connectogroup.com\/es\/politica-de-privacidad\/"]}]},{"@type":"BreadcrumbList","@id":"https:\/\/connectogroup.com\/es\/politica-de-privacidad\/#breadcrumb","itemListElement":[{"@type":"ListItem","position":1,"name":"Home","item":"https:\/\/connectogroup.com\/es\/"},{"@type":"ListItem","position":2,"name":"Pol\u00edtica de privacidad"}]},{"@type":"WebSite","@id":"https:\/\/connectogroup.com\/es\/#website","url":"https:\/\/connectogroup.com\/es\/","name":"Connecto - Real Estate","description":"Costa Rica","publisher":{"@id":"https:\/\/connectogroup.com\/es\/#organization"},"potentialAction":[{"@type":"SearchAction","target":{"@type":"EntryPoint","urlTemplate":"https:\/\/connectogroup.com\/es\/?s={search_term_string}"},"query-input":{"@type":"PropertyValueSpecification","valueRequired":true,"valueName":"search_term_string"}}],"inLanguage":"es"},{"@type":"Organization","@id":"https:\/\/connectogroup.com\/es\/#organization","name":"Connecto - Real Estate","url":"https:\/\/connectogroup.com\/es\/","logo":{"@type":"ImageObject","inLanguage":"es","@id":"https:\/\/connectogroup.com\/es\/#\/schema\/logo\/image\/","url":"https:\/\/connectogroup.com\/wp-content\/uploads\/2024\/02\/cropped-Connecto-RE-verde.png","contentUrl":"https:\/\/connectogroup.com\/wp-content\/uploads\/2024\/02\/cropped-Connecto-RE-verde.png","width":783,"height":227,"caption":"Connecto - Real Estate"},"image":{"@id":"https:\/\/connectogroup.com\/es\/#\/schema\/logo\/image\/"},"sameAs":["https:\/\/www.facebook.com\/ConnectoRealEstateCR","https:\/\/www.instagram.com\/connectorealestate","https:\/\/www.linkedin.com\/company\/connecto-real-estate\/"]}]}},"_links":{"self":[{"href":"https:\/\/connectogroup.com\/es\/wp-json\/wp\/v2\/pages\/1802","targetHints":{"allow":["GET"]}}],"collection":[{"href":"https:\/\/connectogroup.com\/es\/wp-json\/wp\/v2\/pages"}],"about":[{"href":"https:\/\/connectogroup.com\/es\/wp-json\/wp\/v2\/types\/page"}],"author":[{"embeddable":true,"href":"https:\/\/connectogroup.com\/es\/wp-json\/wp\/v2\/users\/11"}],"replies":[{"embeddable":true,"href":"https:\/\/connectogroup.com\/es\/wp-json\/wp\/v2\/comments?post=1802"}],"version-history":[{"count":0,"href":"https:\/\/connectogroup.com\/es\/wp-json\/wp\/v2\/pages\/1802\/revisions"}],"wp:attachment":[{"href":"https:\/\/connectogroup.com\/es\/wp-json\/wp\/v2\/media?parent=1802"}],"curies":[{"name":"wp","href":"https:\/\/api.w.org\/{rel}","templated":true}]}}