{"id":1806,"date":"2024-07-11T17:01:23","date_gmt":"2024-07-11T17:01:23","guid":{"rendered":"http:\/\/connectogroup.com\/condiciones-de-uso\/"},"modified":"2024-12-03T16:40:17","modified_gmt":"2024-12-03T16:40:17","slug":"condiciones-de-uso","status":"publish","type":"page","link":"https:\/\/connectogroup.com\/es\/condiciones-de-uso\/","title":{"rendered":"Condiciones de uso"},"content":{"rendered":"\t\t<div data-elementor-type=\"wp-page\" data-elementor-id=\"1806\" class=\"elementor elementor-1806 elementor-1054\" data-elementor-post-type=\"page\">\n\t\t\t\t<div class=\"elementor-element elementor-element-49166584 e-con-full e-flex e-con e-parent\" data-id=\"49166584\" data-element_type=\"container\" data-e-type=\"container\">\n\t\t\t\t<div class=\"elementor-element elementor-element-75cb0432 elementor-widget elementor-widget-text-editor\" data-id=\"75cb0432\" data-element_type=\"widget\" data-e-type=\"widget\" data-widget_type=\"text-editor.default\">\n\t\t\t\t<div class=\"elementor-widget-container\">\n\t\t\t\t\t\t\t\t\t<h3 style=\"font-style: normal;\">Condiciones de uso<\/h3>\n<p>Estas Condiciones regulan tu acceso y uso de todos los contenidos, Productos y Servicios disponibles en el sitio web http:\/\/connectogroup.com (el \u00abServicio\u00bb) operado por Connecto Real Estate (\u00abnosotros\u00bb, \u00abnos\u00bb o \u00abnuestro\u00bb).<\/p>\n<p>Tu acceso a nuestros servicios est\u00e1 sujeto a tu aceptaci\u00f3n, sin modificaciones, de todos los t\u00e9rminos y condiciones aqu\u00ed contenidos y de todas las dem\u00e1s normas y pol\u00edticas de funcionamiento publicadas y que podamos publicar peri\u00f3dicamente.<\/p>\n<p>Lee atentamente el Acuerdo antes de acceder o utilizar nuestros Servicios. Al acceder o utilizar cualquier parte de nuestros Servicios, aceptas quedar vinculado por estas Condiciones. Si no est\u00e1s de acuerdo con alguna parte de las condiciones del Contrato, no podr\u00e1s acceder a nuestros Servicios ni utilizarlos.<\/p>\n<h3>Propiedad intelectual<\/h3>\n<p>El Acuerdo no transfiere de Nosotros a ti ninguna propiedad intelectual nuestra o de terceros, y todos los derechos, t\u00edtulos e intereses sobre dicha propiedad permanecer\u00e1n (entre las partes) exclusivamente en Connecto Real Estate y sus licenciantes.<\/p>\n<h3>Servicios de terceros<\/h3>\n<p>Al utilizar los Servicios, puedes utilizar servicios, productos, software, incrustaciones o aplicaciones de terceros desarrollados por terceros (\u00abServicios de Terceros\u00bb).<\/p>\n<p>Si utilizas Servicios de Terceros, entiendes que:<\/p>\n<ul>\n<li>Cualquier uso de un Servicio de Terceros corre por tu cuenta y riesgo, y no seremos responsables ante nadie de los sitios web o Servicios de Terceros.<\/li>\n<li>Reconoces y aceptas que no seremos responsables de ning\u00fan da\u00f1o o p\u00e9rdida causados o supuestamente causados por o en relaci\u00f3n con el uso de cualquier contenido, bienes o servicios disponibles en o a trav\u00e9s de dichos sitios web o servicios.<\/li>\n<\/ul>\n<h3>Cuentas<\/h3>\n<p>Cuando el uso de cualquier parte de nuestros Servicios requiera una cuenta, aceptas proporcionarnos informaci\u00f3n completa y precisa cuando te registres para obtener una cuenta.<\/p>\n<p>Ser\u00e1s el \u00fanico responsable de cualquier actividad que se produzca en tu cuenta. Eres responsable de mantener actualizada la informaci\u00f3n de tu cuenta y de mantener segura tu contrase\u00f1a.<\/p>\n<p>Eres responsable de mantener la seguridad de la cuenta que utilizas para acceder al Servicio. No compartir\u00e1s ni har\u00e1s mal uso de tus credenciales de acceso. Debes notificarnos inmediatamente cualquier uso no autorizado de tu cuenta o cuando tengas conocimiento de cualquier otra violaci\u00f3n de la seguridad.<\/p>\n<h3>Enlaces a otros sitios web<\/h3>\n<p>Nuestro Servicio puede contener enlaces a sitios web o servicios de terceros que no son propiedad ni est\u00e1n controlados por Connecto Real Estate .<\/p>\n<p>Connecto Real Estate no asume ninguna responsabilidad por el contenido, las pol\u00edticas de privacidad o las pr\u00e1cticas de los sitios web o servicios de terceros. Connecto Real Estate tampoco ser\u00e1 responsable, directa o indirectamente, de cualquier da\u00f1o o p\u00e9rdida causada o supuestamente causada por o en conexi\u00f3n con el uso o la confianza en cualquier contenido, bienes o servicios disponibles en o a trav\u00e9s de dichos sitios web o servicios.<\/p>\n<p>Te aconsejamos que leas los t\u00e9rminos y condiciones y las pol\u00edticas de privacidad de los sitios web o servicios de terceros que visites.<\/p>\n<h3>Terminaci\u00f3n<\/h3>\n<p>Podemos terminar o suspender tu acceso a todos o parte de nuestros Servicios en cualquier momento, con o sin causa, con o sin previo aviso, con efecto inmediato.<\/p>\n<p>Si deseas rescindir el Acuerdo o tu cuenta de Connecto Real Estate, puedes simplemente dejar de utilizar nuestros Servicios.<\/p>\n<p>Todas las disposiciones del Acuerdo que por su naturaleza deban sobrevivir a la rescisi\u00f3n, sobrevivir\u00e1n a la rescisi\u00f3n, incluyendo, sin limitaci\u00f3n, las disposiciones de propiedad, las renuncias de garant\u00eda, la indemnizaci\u00f3n y las limitaciones de responsabilidad.<\/p>\n<h3>Descargo de responsabilidad<\/h3>\n<p>Nuestros Servicios se prestan \u00abTAL CUAL\u00bb y \u00abSEG\u00daN DISPONIBILIDAD\u00bb. Connecto Real Estate y sus proveedores y licenciantes renuncian por la presente a todas las garant\u00edas de cualquier tipo, expresas o impl\u00edcitas, incluidas, sin limitaci\u00f3n, las garant\u00edas de comerciabilidad, idoneidad para un fin determinado y no infracci\u00f3n. Ni Connecto Real Estate , ni sus proveedores y licenciantes, garantizan que nuestros Servicios est\u00e9n libres de errores o que el acceso a los mismos sea continuo o ininterrumpido.<\/p>\n<p>Entiendes que descargas u obtienes contenidos o servicios a trav\u00e9s de nuestros Servicios bajo tu propia discreci\u00f3n y riesgo.<\/p>\n<h3>Jurisdicci\u00f3n y ley aplicable<\/h3>\n<p>Salvo que alguna ley aplicable disponga lo contrario, el Contrato y cualquier acceso o uso de nuestros Servicios se regir\u00e1n por las leyes de Nueva York.<\/p>\n<p>El lugar adecuado para cualquier disputa que surja de o est\u00e9 relacionada con el Acuerdo y cualquier acceso o uso de nuestros Servicios ser\u00e1n los tribunales estatales y federales ubicados en Nueva York.<\/p>\n<h3>Cambios<\/h3>\n<p>Connecto Real Estate se reserva el derecho, a su entera discreci\u00f3n, de modificar o sustituir estas Condiciones en cualquier momento.<\/p>\n<p>Si realizamos cambios que sean sustanciales, te lo haremos saber public\u00e1ndolos en nuestro sitio web, o envi\u00e1ndote un correo electr\u00f3nico u otra comunicaci\u00f3n antes de que los cambios entren en vigor. El aviso designar\u00e1 un plazo razonable tras el cual entrar\u00e1n en vigor las nuevas condiciones.<\/p>\n<p>Intentaremos avisar con al menos<br \/>30<br \/>d\u00edas de antelaci\u00f3n a los cambios efectivos. Si no est\u00e1s de acuerdo con nuestros cambios, debes dejar de utilizar nuestros Servicios dentro del periodo de notificaci\u00f3n designado, o una vez que los cambios entren en vigor.<\/p>\n<p>Tu uso continuado de nuestros Servicios estar\u00e1 sujeto a las nuevas condiciones.<\/p>\n<h3>Contacte con nosotros<\/h3>\n<p>Si tienes alguna pregunta sobre estas Condiciones de uso, ponte en contacto con nosotros en<br \/>info@connectogroup.com<\/p>\n<hr>\n<p>\u00daltima actualizaci\u00f3n: 11 de julio de 2024<\/p>\n\t\t\t\t\t\t\t\t<\/div>\n\t\t\t\t<\/div>\n\t\t\t\t<\/div>\n\t\t\t\t<\/div>\n\t\t","protected":false},"excerpt":{"rendered":"<p>Condiciones de uso Estas Condiciones regulan tu acceso y uso de todos los contenidos, Productos y Servicios disponibles en el [&hellip;]<\/p>\n","protected":false},"author":11,"featured_media":0,"parent":0,"menu_order":0,"comment_status":"closed","ping_status":"closed","template":"","meta":{"site-sidebar-layout":"default","site-content-layout":"","ast-site-content-layout":"default","site-content-style":"default","site-sidebar-style":"default","ast-global-header-display":"","ast-banner-title-visibility":"","ast-main-header-display":"","ast-hfb-above-header-display":"","ast-hfb-below-header-display":"","ast-hfb-mobile-header-display":"","site-post-title":"","ast-breadcrumbs-content":"","ast-featured-img":"","footer-sml-layout":"","ast-disable-related-posts":"","theme-transparent-header-meta":"","adv-header-id-meta":"","stick-header-meta":"","header-above-stick-meta":"","header-main-stick-meta":"","header-below-stick-meta":"","astra-migrate-meta-layouts":"default","ast-page-background-enabled":"default","ast-page-background-meta":{"desktop":{"background-color":"var(--ast-global-color-4)","background-image":"","background-repeat":"repeat","background-position":"center center","background-size":"auto","background-attachment":"scroll","background-type":"","background-media":"","overlay-type":"","overlay-color":"","overlay-opacity":"","overlay-gradient":""},"tablet":{"background-color":"","background-image":"","background-repeat":"repeat","background-position":"center center","background-size":"auto","background-attachment":"scroll","background-type":"","background-media":"","overlay-type":"","overlay-color":"","overlay-opacity":"","overlay-gradient":""},"mobile":{"background-color":"","background-image":"","background-repeat":"repeat","background-position":"center center","background-size":"auto","background-attachment":"scroll","background-type":"","background-media":"","overlay-type":"","overlay-color":"","overlay-opacity":"","overlay-gradient":""}},"ast-content-background-meta":{"desktop":{"background-color":"var(--ast-global-color-5)","background-image":"","background-repeat":"repeat","background-position":"center center","background-size":"auto","background-attachment":"scroll","background-type":"","background-media":"","overlay-type":"","overlay-color":"","overlay-opacity":"","overlay-gradient":""},"tablet":{"background-color":"var(--ast-global-color-5)","background-image":"","background-repeat":"repeat","background-position":"center center","background-size":"auto","background-attachment":"scroll","background-type":"","background-media":"","overlay-type":"","overlay-color":"","overlay-opacity":"","overlay-gradient":""},"mobile":{"background-color":"var(--ast-global-color-5)","background-image":"","background-repeat":"repeat","background-position":"center center","background-size":"auto","background-attachment":"scroll","background-type":"","background-media":"","overlay-type":"","overlay-color":"","overlay-opacity":"","overlay-gradient":""}},"footnotes":""},"class_list":["post-1806","page","type-page","status-publish","hentry"],"yoast_head":"<!-- This site is optimized with the Yoast SEO plugin v27.3 - https:\/\/yoast.com\/product\/yoast-seo-wordpress\/ -->\n<title>Condiciones de uso - Connecto - Real Estate<\/title>\n<meta name=\"robots\" content=\"index, follow, max-snippet:-1, max-image-preview:large, max-video-preview:-1\" \/>\n<link rel=\"canonical\" href=\"https:\/\/connectogroup.com\/es\/condiciones-de-uso\/\" \/>\n<meta property=\"og:locale\" content=\"es_ES\" \/>\n<meta property=\"og:type\" content=\"article\" \/>\n<meta property=\"og:title\" content=\"Condiciones de uso - Connecto - Real Estate\" \/>\n<meta property=\"og:description\" content=\"Condiciones de uso Estas Condiciones regulan tu acceso y uso de todos los contenidos, Productos y Servicios disponibles en el [&hellip;]\" \/>\n<meta property=\"og:url\" content=\"https:\/\/connectogroup.com\/es\/condiciones-de-uso\/\" \/>\n<meta property=\"og:site_name\" content=\"Connecto - Real Estate\" \/>\n<meta property=\"article:publisher\" content=\"https:\/\/www.facebook.com\/ConnectoRealEstateCR\" \/>\n<meta property=\"article:modified_time\" content=\"2024-12-03T16:40:17+00:00\" \/>\n<meta property=\"og:image\" content=\"http:\/\/connectogroup.com\/wp-content\/uploads\/2024\/12\/Untitled-design-24-1024x533.jpg\" \/>\n<meta name=\"twitter:card\" content=\"summary_large_image\" \/>\n<meta name=\"twitter:label1\" content=\"Tiempo de lectura\" \/>\n\t<meta name=\"twitter:data1\" content=\"5 minutos\" \/>\n<script type=\"application\/ld+json\" class=\"yoast-schema-graph\">{\"@context\":\"https:\\\/\\\/schema.org\",\"@graph\":[{\"@type\":\"WebPage\",\"@id\":\"https:\\\/\\\/connectogroup.com\\\/es\\\/condiciones-de-uso\\\/\",\"url\":\"https:\\\/\\\/connectogroup.com\\\/es\\\/condiciones-de-uso\\\/\",\"name\":\"Condiciones de uso - Connecto - Real Estate\",\"isPartOf\":{\"@id\":\"https:\\\/\\\/connectogroup.com\\\/es\\\/#website\"},\"datePublished\":\"2024-07-11T17:01:23+00:00\",\"dateModified\":\"2024-12-03T16:40:17+00:00\",\"breadcrumb\":{\"@id\":\"https:\\\/\\\/connectogroup.com\\\/es\\\/condiciones-de-uso\\\/#breadcrumb\"},\"inLanguage\":\"es\",\"potentialAction\":[{\"@type\":\"ReadAction\",\"target\":[\"https:\\\/\\\/connectogroup.com\\\/es\\\/condiciones-de-uso\\\/\"]}]},{\"@type\":\"BreadcrumbList\",\"@id\":\"https:\\\/\\\/connectogroup.com\\\/es\\\/condiciones-de-uso\\\/#breadcrumb\",\"itemListElement\":[{\"@type\":\"ListItem\",\"position\":1,\"name\":\"Home\",\"item\":\"https:\\\/\\\/connectogroup.com\\\/es\\\/\"},{\"@type\":\"ListItem\",\"position\":2,\"name\":\"Condiciones de uso\"}]},{\"@type\":\"WebSite\",\"@id\":\"https:\\\/\\\/connectogroup.com\\\/es\\\/#website\",\"url\":\"https:\\\/\\\/connectogroup.com\\\/es\\\/\",\"name\":\"Connecto - Real Estate\",\"description\":\"Costa Rica\",\"publisher\":{\"@id\":\"https:\\\/\\\/connectogroup.com\\\/es\\\/#organization\"},\"potentialAction\":[{\"@type\":\"SearchAction\",\"target\":{\"@type\":\"EntryPoint\",\"urlTemplate\":\"https:\\\/\\\/connectogroup.com\\\/es\\\/?s={search_term_string}\"},\"query-input\":{\"@type\":\"PropertyValueSpecification\",\"valueRequired\":true,\"valueName\":\"search_term_string\"}}],\"inLanguage\":\"es\"},{\"@type\":\"Organization\",\"@id\":\"https:\\\/\\\/connectogroup.com\\\/es\\\/#organization\",\"name\":\"Connecto - Real Estate\",\"url\":\"https:\\\/\\\/connectogroup.com\\\/es\\\/\",\"logo\":{\"@type\":\"ImageObject\",\"inLanguage\":\"es\",\"@id\":\"https:\\\/\\\/connectogroup.com\\\/es\\\/#\\\/schema\\\/logo\\\/image\\\/\",\"url\":\"https:\\\/\\\/connectogroup.com\\\/wp-content\\\/uploads\\\/2024\\\/02\\\/cropped-Connecto-RE-verde.png\",\"contentUrl\":\"https:\\\/\\\/connectogroup.com\\\/wp-content\\\/uploads\\\/2024\\\/02\\\/cropped-Connecto-RE-verde.png\",\"width\":783,\"height\":227,\"caption\":\"Connecto - Real Estate\"},\"image\":{\"@id\":\"https:\\\/\\\/connectogroup.com\\\/es\\\/#\\\/schema\\\/logo\\\/image\\\/\"},\"sameAs\":[\"https:\\\/\\\/www.facebook.com\\\/ConnectoRealEstateCR\",\"https:\\\/\\\/www.instagram.com\\\/connectorealestate\",\"https:\\\/\\\/www.linkedin.com\\\/company\\\/connecto-real-estate\\\/\"]}]}<\/script>\n<!-- \/ Yoast SEO plugin. -->","yoast_head_json":{"title":"Condiciones de uso - Connecto - Real Estate","robots":{"index":"index","follow":"follow","max-snippet":"max-snippet:-1","max-image-preview":"max-image-preview:large","max-video-preview":"max-video-preview:-1"},"canonical":"https:\/\/connectogroup.com\/es\/condiciones-de-uso\/","og_locale":"es_ES","og_type":"article","og_title":"Condiciones de uso - Connecto - Real Estate","og_description":"Condiciones de uso Estas Condiciones regulan tu acceso y uso de todos los contenidos, Productos y Servicios disponibles en el [&hellip;]","og_url":"https:\/\/connectogroup.com\/es\/condiciones-de-uso\/","og_site_name":"Connecto - Real Estate","article_publisher":"https:\/\/www.facebook.com\/ConnectoRealEstateCR","article_modified_time":"2024-12-03T16:40:17+00:00","og_image":[{"url":"http:\/\/connectogroup.com\/wp-content\/uploads\/2024\/12\/Untitled-design-24-1024x533.jpg","type":"","width":"","height":""}],"twitter_card":"summary_large_image","twitter_misc":{"Tiempo de lectura":"5 minutos"},"schema":{"@context":"https:\/\/schema.org","@graph":[{"@type":"WebPage","@id":"https:\/\/connectogroup.com\/es\/condiciones-de-uso\/","url":"https:\/\/connectogroup.com\/es\/condiciones-de-uso\/","name":"Condiciones de uso - Connecto - Real Estate","isPartOf":{"@id":"https:\/\/connectogroup.com\/es\/#website"},"datePublished":"2024-07-11T17:01:23+00:00","dateModified":"2024-12-03T16:40:17+00:00","breadcrumb":{"@id":"https:\/\/connectogroup.com\/es\/condiciones-de-uso\/#breadcrumb"},"inLanguage":"es","potentialAction":[{"@type":"ReadAction","target":["https:\/\/connectogroup.com\/es\/condiciones-de-uso\/"]}]},{"@type":"BreadcrumbList","@id":"https:\/\/connectogroup.com\/es\/condiciones-de-uso\/#breadcrumb","itemListElement":[{"@type":"ListItem","position":1,"name":"Home","item":"https:\/\/connectogroup.com\/es\/"},{"@type":"ListItem","position":2,"name":"Condiciones de uso"}]},{"@type":"WebSite","@id":"https:\/\/connectogroup.com\/es\/#website","url":"https:\/\/connectogroup.com\/es\/","name":"Connecto - Real Estate","description":"Costa Rica","publisher":{"@id":"https:\/\/connectogroup.com\/es\/#organization"},"potentialAction":[{"@type":"SearchAction","target":{"@type":"EntryPoint","urlTemplate":"https:\/\/connectogroup.com\/es\/?s={search_term_string}"},"query-input":{"@type":"PropertyValueSpecification","valueRequired":true,"valueName":"search_term_string"}}],"inLanguage":"es"},{"@type":"Organization","@id":"https:\/\/connectogroup.com\/es\/#organization","name":"Connecto - Real Estate","url":"https:\/\/connectogroup.com\/es\/","logo":{"@type":"ImageObject","inLanguage":"es","@id":"https:\/\/connectogroup.com\/es\/#\/schema\/logo\/image\/","url":"https:\/\/connectogroup.com\/wp-content\/uploads\/2024\/02\/cropped-Connecto-RE-verde.png","contentUrl":"https:\/\/connectogroup.com\/wp-content\/uploads\/2024\/02\/cropped-Connecto-RE-verde.png","width":783,"height":227,"caption":"Connecto - Real Estate"},"image":{"@id":"https:\/\/connectogroup.com\/es\/#\/schema\/logo\/image\/"},"sameAs":["https:\/\/www.facebook.com\/ConnectoRealEstateCR","https:\/\/www.instagram.com\/connectorealestate","https:\/\/www.linkedin.com\/company\/connecto-real-estate\/"]}]}},"_links":{"self":[{"href":"https:\/\/connectogroup.com\/es\/wp-json\/wp\/v2\/pages\/1806","targetHints":{"allow":["GET"]}}],"collection":[{"href":"https:\/\/connectogroup.com\/es\/wp-json\/wp\/v2\/pages"}],"about":[{"href":"https:\/\/connectogroup.com\/es\/wp-json\/wp\/v2\/types\/page"}],"author":[{"embeddable":true,"href":"https:\/\/connectogroup.com\/es\/wp-json\/wp\/v2\/users\/11"}],"replies":[{"embeddable":true,"href":"https:\/\/connectogroup.com\/es\/wp-json\/wp\/v2\/comments?post=1806"}],"version-history":[{"count":0,"href":"https:\/\/connectogroup.com\/es\/wp-json\/wp\/v2\/pages\/1806\/revisions"}],"wp:attachment":[{"href":"https:\/\/connectogroup.com\/es\/wp-json\/wp\/v2\/media?parent=1806"}],"curies":[{"name":"wp","href":"https:\/\/api.w.org\/{rel}","templated":true}]}}