{"id":1801,"date":"2024-07-11T17:01:23","date_gmt":"2024-07-11T17:01:23","guid":{"rendered":"http:\/\/connectogroup.com\/conditions-dutilisation\/"},"modified":"2024-12-03T16:40:17","modified_gmt":"2024-12-03T16:40:17","slug":"conditions-dutilisation","status":"publish","type":"page","link":"https:\/\/connectogroup.com\/fr\/conditions-dutilisation\/","title":{"rendered":"Conditions d&rsquo;utilisation"},"content":{"rendered":"\t\t<div data-elementor-type=\"wp-page\" data-elementor-id=\"1801\" class=\"elementor elementor-1801 elementor-1054\" data-elementor-post-type=\"page\">\n\t\t\t\t<div class=\"elementor-element elementor-element-49166584 e-con-full e-flex e-con e-parent\" data-id=\"49166584\" data-element_type=\"container\" data-e-type=\"container\">\n\t\t\t\t<div class=\"elementor-element elementor-element-75cb0432 elementor-widget elementor-widget-text-editor\" data-id=\"75cb0432\" data-element_type=\"widget\" data-e-type=\"widget\" data-widget_type=\"text-editor.default\">\n\t\t\t\t<div class=\"elementor-widget-container\">\n\t\t\t\t\t\t\t\t\t<h3 style=\"font-style: normal;\">Conditions d&rsquo;utilisation<\/h3>\n<p>Les pr\u00e9sentes conditions r\u00e9gissent votre acc\u00e8s et votre utilisation de l&rsquo;ensemble du contenu, des produits et des services disponibles sur le site web http:\/\/connectogroup.com (le \u00ab\u00a0service\u00a0\u00bb) exploit\u00e9 par Connecto Real Estate (\u00ab\u00a0nous\u00a0\u00bb, \u00ab\u00a0nous\u00a0\u00bb ou \u00ab\u00a0notre\u00a0\u00bb).<\/p>\n<p>Votre acc\u00e8s \u00e0 nos services est soumis \u00e0 votre acceptation, sans modification, de tous les termes et conditions contenus dans le pr\u00e9sent document et de toutes les autres r\u00e8gles et politiques de fonctionnement publi\u00e9es et pouvant \u00eatre publi\u00e9es de temps \u00e0 autre par nous.<\/p>\n<p>Veuillez lire attentivement l&rsquo;accord avant d&rsquo;acc\u00e9der \u00e0 nos services ou de les utiliser. En acc\u00e9dant \u00e0 nos services ou en les utilisant, vous acceptez d&rsquo;\u00eatre li\u00e9 par les pr\u00e9sentes conditions. Si vous n&rsquo;acceptez pas une partie des conditions de l&rsquo;accord, vous ne pouvez pas acc\u00e9der \u00e0 nos services ni les utiliser.<\/p>\n<h3>Propri\u00e9t\u00e9 intellectuelle<\/h3>\n<p>L&rsquo;accord ne transf\u00e8re pas de Nous \u00e0 vous la propri\u00e9t\u00e9 intellectuelle de Nous ou de tiers, et tous les droits, titres et int\u00e9r\u00eats relatifs \u00e0 cette propri\u00e9t\u00e9 demeureront (entre les parties) uniquement chez Connecto Real Estate et ses conc\u00e9dants de licence.<\/p>\n<h3>Services de tiers<\/h3>\n<p>En utilisant les services, vous pouvez utiliser des services, des produits, des logiciels, des \u00e9l\u00e9ments int\u00e9gr\u00e9s ou des applications d\u00e9velopp\u00e9s par des tiers (\u00ab\u00a0services de tiers\u00a0\u00bb).<\/p>\n<p>Si vous utilisez des services de tiers, vous comprenez que :<\/p>\n<ul>\n<li>Toute utilisation d&rsquo;un service tiers se fait \u00e0 vos risques et p\u00e9rils, et nous ne sommes pas responsables des sites web ou des services tiers.<\/li>\n<li>Vous reconnaissez et acceptez que nous ne pouvons \u00eatre tenus responsables de tout dommage ou perte caus\u00e9 ou suppos\u00e9 caus\u00e9 par ou en relation avec l&rsquo;utilisation de ce contenu, de ces biens ou de ces services disponibles sur ou par l&rsquo;interm\u00e9diaire de ces sites web ou de ces services.<\/li>\n<\/ul>\n<h3>Comptes<\/h3>\n<p>Lorsque l&rsquo;utilisation d&rsquo;une partie de nos services n\u00e9cessite l&rsquo;ouverture d&rsquo;un compte, vous acceptez de nous fournir des informations compl\u00e8tes et exactes lorsque vous vous inscrivez pour ouvrir un compte.<\/p>\n<p>Vous serez seul responsable de toute activit\u00e9 effectu\u00e9e sous votre compte. Vous \u00eates responsable de la mise \u00e0 jour des informations relatives \u00e0 votre compte et de la s\u00e9curit\u00e9 de votre mot de passe.<\/p>\n<p>Vous \u00eates responsable du maintien de la s\u00e9curit\u00e9 de votre compte que vous utilisez pour acc\u00e9der au service. Vous ne devez pas partager ou utiliser abusivement vos identifiants d&rsquo;acc\u00e8s. Vous devez nous informer imm\u00e9diatement de toute utilisation non autoris\u00e9e de votre compte ou de toute autre violation de la s\u00e9curit\u00e9.<\/p>\n<h3>Liens vers d&rsquo;autres sites web<\/h3>\n<p>Notre service peut contenir des liens vers des sites web ou des services de tiers qui ne sont pas d\u00e9tenus ou contr\u00f4l\u00e9s par Connecto Real Estate.<\/p>\n<p>Connecto Real Estate n&rsquo;assume aucune responsabilit\u00e9 quant au contenu, aux politiques de confidentialit\u00e9 ou aux pratiques des sites web ou des services de tiers. Connecto Real Estate ne sera pas non plus responsable, directement ou indirectement, de tout dommage ou perte caus\u00e9 ou suppos\u00e9 \u00eatre caus\u00e9 par ou en relation avec l&rsquo;utilisation ou la confiance dans un tel contenu, des biens ou des services disponibles sur ou par le biais de tels sites web ou services.<\/p>\n<p>Nous vous conseillons de lire les conditions g\u00e9n\u00e9rales et les politiques de confidentialit\u00e9 de tous les sites web ou services de tiers que vous visitez.<\/p>\n<h3>Cessation d&rsquo;activit\u00e9<\/h3>\n<p>Nous pouvons r\u00e9silier ou suspendre votre acc\u00e8s \u00e0 tout ou partie de nos services \u00e0 tout moment, avec ou sans motif, avec ou sans pr\u00e9avis, avec effet imm\u00e9diat.<\/p>\n<p>Si vous souhaitez r\u00e9silier l&rsquo;accord ou votre compte Connecto Real Estate, vous pouvez simplement cesser d&rsquo;utiliser nos services.<\/p>\n<p>Toutes les dispositions de l&rsquo;accord qui, de par leur nature, doivent survivre \u00e0 la r\u00e9siliation, y compris, sans s&rsquo;y limiter, les dispositions relatives \u00e0 la propri\u00e9t\u00e9, les exclusions de garantie, l&rsquo;indemnisation et les limitations de responsabilit\u00e9.<\/p>\n<h3>Clause de non-responsabilit\u00e9<\/h3>\n<p>Nos services sont fournis \u00ab\u00a0TELS QUELS\u00a0\u00bb et \u00ab\u00a0TELS QUE DISPONIBLES\u00a0\u00bb. Connecto Real Estate et ses fournisseurs et conc\u00e9dants de licence d\u00e9clinent par la pr\u00e9sente toute garantie de quelque nature que ce soit, expresse ou implicite, y compris, sans limitation, les garanties de qualit\u00e9 marchande, d&rsquo;ad\u00e9quation \u00e0 un usage particulier et d&rsquo;absence de contrefa\u00e7on. Ni Connecto Real Estate, ni ses fournisseurs et conc\u00e9dants de licence, ne garantissent que nos services seront exempts d&rsquo;erreurs ou que l&rsquo;acc\u00e8s \u00e0 ceux-ci sera continu ou ininterrompu.<\/p>\n<p>Vous comprenez que vous t\u00e9l\u00e9chargez ou obtenez autrement du contenu ou des services par l&rsquo;interm\u00e9diaire de nos services \u00e0 votre propre discr\u00e9tion et \u00e0 vos propres risques.<\/p>\n<h3>Comp\u00e9tence et droit applicable<\/h3>\n<p>Sauf dans la mesure o\u00f9 une loi applicable en dispose autrement, l&rsquo;accord et tout acc\u00e8s ou utilisation de nos services seront r\u00e9gis par les lois de New York.<\/p>\n<p>Les tribunaux d&rsquo;\u00c9tat et f\u00e9d\u00e9raux situ\u00e9s \u00e0 New York seront le lieu appropri\u00e9 pour tout litige d\u00e9coulant de l&rsquo;accord ou s&rsquo;y rapportant, ainsi que de l&rsquo;acc\u00e8s \u00e0 nos services ou de leur utilisation.<\/p>\n<h3>Changements<\/h3>\n<p>Connecto Real Estate se r\u00e9serve le droit, \u00e0 sa seule discr\u00e9tion, de modifier ou de remplacer ces conditions \u00e0 tout moment.<\/p>\n<p>Si nous apportons des modifications importantes, nous vous en informerons en les publiant sur notre site web ou en vous envoyant un courrier \u00e9lectronique ou toute autre communication avant que les modifications n&rsquo;entrent en vigueur. La notification indiquera un d\u00e9lai raisonnable apr\u00e8s lequel les nouvelles conditions prendront effet.<\/p>\n<p>Nous nous efforcerons de vous avertir au moins<br \/>30<br \/>jours avant l&rsquo;entr\u00e9e en vigueur des modifications. Si vous n&rsquo;\u00eates pas d&rsquo;accord avec nos changements, vous devez cesser d&rsquo;utiliser nos services pendant la p\u00e9riode de pr\u00e9avis d\u00e9sign\u00e9e ou une fois que les changements sont entr\u00e9s en vigueur.<\/p>\n<p>Votre utilisation continue de nos services sera soumise aux nouvelles conditions.<\/p>\n<h3>Nous contacter<\/h3>\n<p>Si vous avez des questions concernant les pr\u00e9sentes conditions d&rsquo;utilisation, veuillez nous contacter \u00e0 l&rsquo;adresse suivante :<br \/>info@connectogroup.com<\/p>\n<hr>\n<p>Derni\u00e8re mise \u00e0 jour : 11 juillet 2024<\/p>\n\t\t\t\t\t\t\t\t<\/div>\n\t\t\t\t<\/div>\n\t\t\t\t<\/div>\n\t\t\t\t<\/div>\n\t\t","protected":false},"excerpt":{"rendered":"<p>Conditions d&rsquo;utilisation Les pr\u00e9sentes conditions r\u00e9gissent votre acc\u00e8s et votre utilisation de l&rsquo;ensemble du contenu, des produits et des services [&hellip;]<\/p>\n","protected":false},"author":11,"featured_media":0,"parent":0,"menu_order":0,"comment_status":"closed","ping_status":"closed","template":"","meta":{"site-sidebar-layout":"default","site-content-layout":"","ast-site-content-layout":"default","site-content-style":"default","site-sidebar-style":"default","ast-global-header-display":"","ast-banner-title-visibility":"","ast-main-header-display":"","ast-hfb-above-header-display":"","ast-hfb-below-header-display":"","ast-hfb-mobile-header-display":"","site-post-title":"","ast-breadcrumbs-content":"","ast-featured-img":"","footer-sml-layout":"","ast-disable-related-posts":"","theme-transparent-header-meta":"","adv-header-id-meta":"","stick-header-meta":"","header-above-stick-meta":"","header-main-stick-meta":"","header-below-stick-meta":"","astra-migrate-meta-layouts":"default","ast-page-background-enabled":"default","ast-page-background-meta":{"desktop":{"background-color":"var(--ast-global-color-4)","background-image":"","background-repeat":"repeat","background-position":"center center","background-size":"auto","background-attachment":"scroll","background-type":"","background-media":"","overlay-type":"","overlay-color":"","overlay-opacity":"","overlay-gradient":""},"tablet":{"background-color":"","background-image":"","background-repeat":"repeat","background-position":"center center","background-size":"auto","background-attachment":"scroll","background-type":"","background-media":"","overlay-type":"","overlay-color":"","overlay-opacity":"","overlay-gradient":""},"mobile":{"background-color":"","background-image":"","background-repeat":"repeat","background-position":"center center","background-size":"auto","background-attachment":"scroll","background-type":"","background-media":"","overlay-type":"","overlay-color":"","overlay-opacity":"","overlay-gradient":""}},"ast-content-background-meta":{"desktop":{"background-color":"var(--ast-global-color-5)","background-image":"","background-repeat":"repeat","background-position":"center center","background-size":"auto","background-attachment":"scroll","background-type":"","background-media":"","overlay-type":"","overlay-color":"","overlay-opacity":"","overlay-gradient":""},"tablet":{"background-color":"var(--ast-global-color-5)","background-image":"","background-repeat":"repeat","background-position":"center center","background-size":"auto","background-attachment":"scroll","background-type":"","background-media":"","overlay-type":"","overlay-color":"","overlay-opacity":"","overlay-gradient":""},"mobile":{"background-color":"var(--ast-global-color-5)","background-image":"","background-repeat":"repeat","background-position":"center center","background-size":"auto","background-attachment":"scroll","background-type":"","background-media":"","overlay-type":"","overlay-color":"","overlay-opacity":"","overlay-gradient":""}},"footnotes":""},"class_list":["post-1801","page","type-page","status-publish","hentry"],"yoast_head":"<!-- This site is optimized with the Yoast SEO plugin v27.4 - https:\/\/yoast.com\/product\/yoast-seo-wordpress\/ -->\n<title>Conditions d&#039;utilisation - Connecto - Real Estate<\/title>\n<meta name=\"robots\" content=\"index, follow, max-snippet:-1, max-image-preview:large, max-video-preview:-1\" \/>\n<link rel=\"canonical\" href=\"https:\/\/connectogroup.com\/fr\/conditions-dutilisation\/\" \/>\n<meta property=\"og:locale\" content=\"fr_FR\" \/>\n<meta property=\"og:type\" content=\"article\" \/>\n<meta property=\"og:title\" content=\"Conditions d&#039;utilisation - Connecto - Real Estate\" \/>\n<meta property=\"og:description\" content=\"Conditions d&rsquo;utilisation Les pr\u00e9sentes conditions r\u00e9gissent votre acc\u00e8s et votre utilisation de l&rsquo;ensemble du contenu, des produits et des services [&hellip;]\" \/>\n<meta property=\"og:url\" content=\"https:\/\/connectogroup.com\/fr\/conditions-dutilisation\/\" \/>\n<meta property=\"og:site_name\" content=\"Connecto - Real Estate\" \/>\n<meta property=\"article:publisher\" content=\"https:\/\/www.facebook.com\/ConnectoRealEstateCR\" \/>\n<meta property=\"article:modified_time\" content=\"2024-12-03T16:40:17+00:00\" \/>\n<meta property=\"og:image\" content=\"http:\/\/connectogroup.com\/wp-content\/uploads\/2024\/12\/Untitled-design-24-1024x533.jpg\" \/>\n<meta name=\"twitter:card\" content=\"summary_large_image\" \/>\n<meta name=\"twitter:label1\" content=\"Dur\u00e9e de lecture estim\u00e9e\" \/>\n\t<meta name=\"twitter:data1\" content=\"5 minutes\" \/>\n<script type=\"application\/ld+json\" class=\"yoast-schema-graph\">{\"@context\":\"https:\\\/\\\/schema.org\",\"@graph\":[{\"@type\":\"WebPage\",\"@id\":\"https:\\\/\\\/connectogroup.com\\\/fr\\\/conditions-dutilisation\\\/\",\"url\":\"https:\\\/\\\/connectogroup.com\\\/fr\\\/conditions-dutilisation\\\/\",\"name\":\"Conditions d'utilisation - Connecto - Real Estate\",\"isPartOf\":{\"@id\":\"https:\\\/\\\/connectogroup.com\\\/fr\\\/#website\"},\"datePublished\":\"2024-07-11T17:01:23+00:00\",\"dateModified\":\"2024-12-03T16:40:17+00:00\",\"breadcrumb\":{\"@id\":\"https:\\\/\\\/connectogroup.com\\\/fr\\\/conditions-dutilisation\\\/#breadcrumb\"},\"inLanguage\":\"fr-FR\",\"potentialAction\":[{\"@type\":\"ReadAction\",\"target\":[\"https:\\\/\\\/connectogroup.com\\\/fr\\\/conditions-dutilisation\\\/\"]}]},{\"@type\":\"BreadcrumbList\",\"@id\":\"https:\\\/\\\/connectogroup.com\\\/fr\\\/conditions-dutilisation\\\/#breadcrumb\",\"itemListElement\":[{\"@type\":\"ListItem\",\"position\":1,\"name\":\"Home\",\"item\":\"https:\\\/\\\/connectogroup.com\\\/fr\\\/\"},{\"@type\":\"ListItem\",\"position\":2,\"name\":\"Conditions d&rsquo;utilisation\"}]},{\"@type\":\"WebSite\",\"@id\":\"https:\\\/\\\/connectogroup.com\\\/fr\\\/#website\",\"url\":\"https:\\\/\\\/connectogroup.com\\\/fr\\\/\",\"name\":\"Connecto - Real Estate\",\"description\":\"Costa Rica\",\"publisher\":{\"@id\":\"https:\\\/\\\/connectogroup.com\\\/fr\\\/#organization\"},\"potentialAction\":[{\"@type\":\"SearchAction\",\"target\":{\"@type\":\"EntryPoint\",\"urlTemplate\":\"https:\\\/\\\/connectogroup.com\\\/fr\\\/?s={search_term_string}\"},\"query-input\":{\"@type\":\"PropertyValueSpecification\",\"valueRequired\":true,\"valueName\":\"search_term_string\"}}],\"inLanguage\":\"fr-FR\"},{\"@type\":\"Organization\",\"@id\":\"https:\\\/\\\/connectogroup.com\\\/fr\\\/#organization\",\"name\":\"Connecto - Real Estate\",\"url\":\"https:\\\/\\\/connectogroup.com\\\/fr\\\/\",\"logo\":{\"@type\":\"ImageObject\",\"inLanguage\":\"fr-FR\",\"@id\":\"https:\\\/\\\/connectogroup.com\\\/fr\\\/#\\\/schema\\\/logo\\\/image\\\/\",\"url\":\"https:\\\/\\\/connectogroup.com\\\/wp-content\\\/uploads\\\/2024\\\/02\\\/cropped-Connecto-RE-verde.png\",\"contentUrl\":\"https:\\\/\\\/connectogroup.com\\\/wp-content\\\/uploads\\\/2024\\\/02\\\/cropped-Connecto-RE-verde.png\",\"width\":783,\"height\":227,\"caption\":\"Connecto - Real Estate\"},\"image\":{\"@id\":\"https:\\\/\\\/connectogroup.com\\\/fr\\\/#\\\/schema\\\/logo\\\/image\\\/\"},\"sameAs\":[\"https:\\\/\\\/www.facebook.com\\\/ConnectoRealEstateCR\",\"https:\\\/\\\/www.instagram.com\\\/connectorealestate\",\"https:\\\/\\\/www.linkedin.com\\\/company\\\/connecto-real-estate\\\/\"]}]}<\/script>\n<!-- \/ Yoast SEO plugin. -->","yoast_head_json":{"title":"Conditions d'utilisation - Connecto - Real Estate","robots":{"index":"index","follow":"follow","max-snippet":"max-snippet:-1","max-image-preview":"max-image-preview:large","max-video-preview":"max-video-preview:-1"},"canonical":"https:\/\/connectogroup.com\/fr\/conditions-dutilisation\/","og_locale":"fr_FR","og_type":"article","og_title":"Conditions d'utilisation - Connecto - Real Estate","og_description":"Conditions d&rsquo;utilisation Les pr\u00e9sentes conditions r\u00e9gissent votre acc\u00e8s et votre utilisation de l&rsquo;ensemble du contenu, des produits et des services [&hellip;]","og_url":"https:\/\/connectogroup.com\/fr\/conditions-dutilisation\/","og_site_name":"Connecto - Real Estate","article_publisher":"https:\/\/www.facebook.com\/ConnectoRealEstateCR","article_modified_time":"2024-12-03T16:40:17+00:00","og_image":[{"url":"http:\/\/connectogroup.com\/wp-content\/uploads\/2024\/12\/Untitled-design-24-1024x533.jpg","type":"","width":"","height":""}],"twitter_card":"summary_large_image","twitter_misc":{"Dur\u00e9e de lecture estim\u00e9e":"5 minutes"},"schema":{"@context":"https:\/\/schema.org","@graph":[{"@type":"WebPage","@id":"https:\/\/connectogroup.com\/fr\/conditions-dutilisation\/","url":"https:\/\/connectogroup.com\/fr\/conditions-dutilisation\/","name":"Conditions d'utilisation - Connecto - Real Estate","isPartOf":{"@id":"https:\/\/connectogroup.com\/fr\/#website"},"datePublished":"2024-07-11T17:01:23+00:00","dateModified":"2024-12-03T16:40:17+00:00","breadcrumb":{"@id":"https:\/\/connectogroup.com\/fr\/conditions-dutilisation\/#breadcrumb"},"inLanguage":"fr-FR","potentialAction":[{"@type":"ReadAction","target":["https:\/\/connectogroup.com\/fr\/conditions-dutilisation\/"]}]},{"@type":"BreadcrumbList","@id":"https:\/\/connectogroup.com\/fr\/conditions-dutilisation\/#breadcrumb","itemListElement":[{"@type":"ListItem","position":1,"name":"Home","item":"https:\/\/connectogroup.com\/fr\/"},{"@type":"ListItem","position":2,"name":"Conditions d&rsquo;utilisation"}]},{"@type":"WebSite","@id":"https:\/\/connectogroup.com\/fr\/#website","url":"https:\/\/connectogroup.com\/fr\/","name":"Connecto - Real Estate","description":"Costa Rica","publisher":{"@id":"https:\/\/connectogroup.com\/fr\/#organization"},"potentialAction":[{"@type":"SearchAction","target":{"@type":"EntryPoint","urlTemplate":"https:\/\/connectogroup.com\/fr\/?s={search_term_string}"},"query-input":{"@type":"PropertyValueSpecification","valueRequired":true,"valueName":"search_term_string"}}],"inLanguage":"fr-FR"},{"@type":"Organization","@id":"https:\/\/connectogroup.com\/fr\/#organization","name":"Connecto - Real Estate","url":"https:\/\/connectogroup.com\/fr\/","logo":{"@type":"ImageObject","inLanguage":"fr-FR","@id":"https:\/\/connectogroup.com\/fr\/#\/schema\/logo\/image\/","url":"https:\/\/connectogroup.com\/wp-content\/uploads\/2024\/02\/cropped-Connecto-RE-verde.png","contentUrl":"https:\/\/connectogroup.com\/wp-content\/uploads\/2024\/02\/cropped-Connecto-RE-verde.png","width":783,"height":227,"caption":"Connecto - Real Estate"},"image":{"@id":"https:\/\/connectogroup.com\/fr\/#\/schema\/logo\/image\/"},"sameAs":["https:\/\/www.facebook.com\/ConnectoRealEstateCR","https:\/\/www.instagram.com\/connectorealestate","https:\/\/www.linkedin.com\/company\/connecto-real-estate\/"]}]}},"_links":{"self":[{"href":"https:\/\/connectogroup.com\/fr\/wp-json\/wp\/v2\/pages\/1801","targetHints":{"allow":["GET"]}}],"collection":[{"href":"https:\/\/connectogroup.com\/fr\/wp-json\/wp\/v2\/pages"}],"about":[{"href":"https:\/\/connectogroup.com\/fr\/wp-json\/wp\/v2\/types\/page"}],"author":[{"embeddable":true,"href":"https:\/\/connectogroup.com\/fr\/wp-json\/wp\/v2\/users\/11"}],"replies":[{"embeddable":true,"href":"https:\/\/connectogroup.com\/fr\/wp-json\/wp\/v2\/comments?post=1801"}],"version-history":[{"count":0,"href":"https:\/\/connectogroup.com\/fr\/wp-json\/wp\/v2\/pages\/1801\/revisions"}],"wp:attachment":[{"href":"https:\/\/connectogroup.com\/fr\/wp-json\/wp\/v2\/media?parent=1801"}],"curies":[{"name":"wp","href":"https:\/\/api.w.org\/{rel}","templated":true}]}}